{"id":600,"date":"2014-09-03T11:25:05","date_gmt":"2014-09-03T11:25:05","guid":{"rendered":"http:\/\/demos.artbees.net\/jupiter5\/skyline\/?page_id=2"},"modified":"2018-05-16T10:34:11","modified_gmt":"2018-05-16T08:34:11","slug":"sample-page","status":"publish","type":"page","link":"https:\/\/www.ixpix.de\/de\/","title":{"rendered":"Home"},"content":{"rendered":"<div class=\"wpb-content-wrapper\">[mk_page_section bg_stretch=&#8220;true&#8220; speed_factor=&#8220;-0.3&#8243; bg_video=&#8220;yes&#8220; mp4=&#8220;https:\/\/www.ixpix.de\/de\/wp-content\/uploads\/skyline-video-full.mp4&#8243; webm=&#8220;https:\/\/www.ixpix.de\/de\/wp-content\/uploads\/skyline-video-full.webmhd.webm&#8220; poster_image=&#8220;https:\/\/www.ixpix.de\/de\/wp-content\/uploads\/skyline-video-fallback.jpg&#8220; video_color_mask=&#8220;#0a0a0a&#8220; min_height=&#8220;0&#8243; full_height=&#8220;true&#8220; padding_top=&#8220;0&#8243; padding_bottom=&#8220;0&#8243; sidebar=&#8220;sidebar-1&#8243; first_page=&#8220;false&#8220; last_page=&#8220;false&#8220;][vc_column][mk_fancy_title color=&#8220;#ffffff&#8220; size=&#8220;27&#8243; font_style=&#8220;normal&#8220; letter_spacing=&#8220;1&#8243; margin_bottom=&#8220;0&#8243; font_family=&#8220;none&#8220; align=&#8220;center&#8220;]Gr\u00fc\u00df Gott und herzlich Willkommen<br \/>\nbei ixpix webworks Frank Leuner[\/mk_fancy_title][mk_divider style=&#8220;thin_solid&#8220; divider_width=&#8220;custom_width&#8220; custom_width=&#8220;70&#8243; margin_top=&#8220;40&#8243; margin_bottom=&#8220;40&#8243;][mk_fancy_title color=&#8220;#ffffff&#8220; size=&#8220;13&#8243; font_style=&#8220;normal&#8220; txt_transform=&#8220;uppercase&#8220; letter_spacing=&#8220;2&#8243; margin_bottom=&#8220;0&#8243; font_family=&#8220;none&#8220; align=&#8220;center&#8220;]IT-Beratung, Web-Design und Web-Development<br \/>\nf\u00fcr Unternehmer, Vereine und Organisationen<\/p>\n<p>EHRLICH \u2022 KOMPETENT \u2022 BEZAHLBAR[\/mk_fancy_title][mk_button dimension=&#8220;savvy&#8220; size=&#8220;medium&#8220; icon=&#8220;mk-icon-hand-o-right&#8220; url=&#8220;https:\/\/www.ixpix.de\/de\/kontakt&#8220; align=&#8220;center&#8220; margin_top=&#8220;150&#8243; margin_bottom=&#8220;0&#8243; outline_skin=&#8220;custom&#8220; outline_active_color=&#8220;#ff9900&#8243; outline_hover_color=&#8220;#ffffff&#8220;]Jetzt Kontakt aufnehmen![\/mk_button][\/vc_column][\/mk_page_section][vc_row padding=&#8220;0&#8243; id=&#8220;start&#8220;][vc_column][mk_padding_divider size=&#8220;120&#8243;][mk_fancy_title color=&#8220;#393836&#8243; size=&#8220;18&#8243; font_weight=&#8220;bold&#8220; letter_spacing=&#8220;1&#8243; margin_bottom=&#8220;0&#8243; font_family=&#8220;none&#8220; align=&#8220;center&#8220;]Willkommen! Bei mir sind Sie richtig.[\/mk_fancy_title][mk_divider style=&#8220;thin_solid&#8220; divider_width=&#8220;custom_width&#8220; custom_width=&#8220;70&#8243; margin_top=&#8220;40&#8243; margin_bottom=&#8220;40&#8243;][vc_row_inner][vc_column_inner width=&#8220;1\/6&#8243;][\/vc_column_inner][vc_column_inner width=&#8220;2\/3&#8243;][vc_column_text disable_pattern=&#8220;false&#8220; align=&#8220;center&#8220; css=&#8220;.vc_custom_1526459629858{margin-bottom: 0px !important;}&#8220;]Mit \u00fcber 20-j\u00e4hriger Berufserfahrung bin ich Ihr Internet-Fachmann und stehe Ihnen als nebengewerblicher Kleinunternehmer mit Rat und Tat rund um die Realisierung und Pflege Ihrer Internetpr\u00e4senz zur Seite.<\/p>\n<p>Vor allem regionale Gewerbeunternehmer, Vereine und Organisationen setzen auf meine Dienstleistungen.<\/p>\n<p><strong>Ehrlich.<\/strong> Offene Worte, ehrliche Expertise und vertrauensvolle Zusammenarbeit.<br \/>\n<strong>Kompetent.<\/strong> Ich finde f\u00fcr Ihre W\u00fcnsche eine L\u00f6sung.<br \/>\n<strong>Bezahlbar.<\/strong> Meine Stundens\u00e4tze als Kleinunternehmer treiben Ihnen nicht die Tr\u00e4nen in die Augen.[\/vc_column_text][mk_padding_divider size=&#8220;30&#8243;][\/vc_column_inner][vc_column_inner width=&#8220;1\/6&#8243;][\/vc_column_inner][\/vc_row_inner][\/vc_column][\/vc_row][vc_row][vc_column width=&#8220;1\/3&#8243;][\/vc_column][vc_column width=&#8220;1\/3&#8243;][mk_button dimension=&#8220;flat&#8220; size=&#8220;medium&#8220; icon=&#8220;mk-icon-at&#8220; url=&#8220;https:\/\/www.ixpix.de\/de\/kontakt&#8220; align=&#8220;center&#8220; margin_bottom=&#8220;0&#8243; bg_color=&#8220;#ff9900&#8243; btn_hover_bg=&#8220;#444444&#8243; btn_hover_txt_color=&#8220;#ffffff&#8220;]Jetzt Kontakt aufnehmen![\/mk_button][mk_padding_divider size=&#8220;130&#8243;][\/vc_column][vc_column width=&#8220;1\/3&#8243;][\/vc_column][\/vc_row]\n<\/div>","protected":false},"excerpt":{"rendered":"<p>[mk_page_section bg_stretch=&#8220;true&#8220; speed_factor=&#8220;-0.3&#8243; bg_video=&#8220;yes&#8220; mp4=&#8220;https:\/\/www.ixpix.de\/de\/wp-content\/uploads\/skyline-video-full.mp4&#8243; webm=&#8220;https:\/\/www.ixpix.de\/de\/wp-content\/uploads\/skyline-video-full.webmhd.webm&#8220; poster_image=&#8220;https:\/\/www.ixpix.de\/de\/wp-content\/uploads\/skyline-video-fallback.jpg&#8220; video_color_mask=&#8220;#0a0a0a&#8220; min_height=&#8220;0&#8243; full_height=&#8220;true&#8220; padding_top=&#8220;0&#8243; padding_bottom=&#8220;0&#8243; sidebar=&#8220;sidebar-1&#8243; first_page=&#8220;false&#8220; last_page=&#8220;false&#8220;][vc_column][mk_fancy_title color=&#8220;#ffffff&#8220; size=&#8220;27&#8243; font_style=&#8220;normal&#8220; letter_spacing=&#8220;1&#8243; margin_bottom=&#8220;0&#8243; font_family=&#8220;none&#8220; align=&#8220;center&#8220;]Gr\u00fc\u00df Gott und herzlich Willkommen bei ixpix webworks Frank Leuner[\/mk_fancy_title][mk_divider style=&#8220;thin_solid&#8220; divider_width=&#8220;custom_width&#8220; custom_width=&#8220;70&#8243; margin_top=&#8220;40&#8243; margin_bottom=&#8220;40&#8243;][mk_fancy_title color=&#8220;#ffffff&#8220; size=&#8220;13&#8243; font_style=&#8220;normal&#8220; txt_transform=&#8220;uppercase&#8220; letter_spacing=&#8220;2&#8243; margin_bottom=&#8220;0&#8243; font_family=&#8220;none&#8220; align=&#8220;center&#8220;]IT-Beratung, Web-Design und Web-Development f\u00fcr Unternehmer, Vereine und Organisationen EHRLICH \u2022 KOMPETENT [&hellip;]<\/p>\n","protected":false},"author":1,"featured_media":0,"parent":0,"menu_order":0,"comment_status":"open","ping_status":"open","template":"","meta":{"footnotes":""},"class_list":["post-600","page","type-page","status-publish","hentry"],"_links":{"self":[{"href":"https:\/\/www.ixpix.de\/de\/wp-json\/wp\/v2\/pages\/600","targetHints":{"allow":["GET"]}}],"collection":[{"href":"https:\/\/www.ixpix.de\/de\/wp-json\/wp\/v2\/pages"}],"about":[{"href":"https:\/\/www.ixpix.de\/de\/wp-json\/wp\/v2\/types\/page"}],"author":[{"embeddable":true,"href":"https:\/\/www.ixpix.de\/de\/wp-json\/wp\/v2\/users\/1"}],"replies":[{"embeddable":true,"href":"https:\/\/www.ixpix.de\/de\/wp-json\/wp\/v2\/comments?post=600"}],"version-history":[{"count":8,"href":"https:\/\/www.ixpix.de\/de\/wp-json\/wp\/v2\/pages\/600\/revisions"}],"predecessor-version":[{"id":5826,"href":"https:\/\/www.ixpix.de\/de\/wp-json\/wp\/v2\/pages\/600\/revisions\/5826"}],"wp:attachment":[{"href":"https:\/\/www.ixpix.de\/de\/wp-json\/wp\/v2\/media?parent=600"}],"curies":[{"name":"wp","href":"https:\/\/api.w.org\/{rel}","templated":true}]}}