{"id":5787,"date":"2018-04-13T09:41:47","date_gmt":"2018-04-13T07:41:47","guid":{"rendered":"https:\/\/www.ixpix.de\/de\/?page_id=5787"},"modified":"2020-01-17T13:06:54","modified_gmt":"2020-01-17T12:06:54","slug":"impressum","status":"publish","type":"page","link":"https:\/\/www.ixpix.de\/de\/impressum\/","title":{"rendered":"Impressum"},"content":{"rendered":"<div class=\"wpb-content-wrapper\">[vc_row][vc_column][vc_column_text css=&#8220;.vc_custom_1579262806042{margin-bottom: 0px !important;}&#8220;]\n<h2>Impressum von www.ixpix.de<\/h2>\n<p><strong>ixpix webworks Frank Leuner<\/strong><br \/>\nInhaber: Frank Leuner<\/p>\n<p>Graf-von-Stauffenberg-Str. 18<br \/>\nD-85386 Eching<\/p>\n<p>Tel. 089\u00a0 31 90 27 32<br \/>\ninfo [at] ixpix.de<br \/>\nwww.ixpix.de<\/p>\n<p>Verantwortlich f\u00fcr den Inhalt: Frank Leuner[\/vc_column_text][vc_separator][vc_column_text css=&#8220;.vc_custom_1525439280074{margin-bottom: 0px !important;}&#8220;]\n<h2>Disclaimer \u2013 rechtliche Hinweise<\/h2>\n<h4>1. Warnhinweis zu Inhalten<\/h4>\n<p>Die kostenlosen und frei zug\u00e4nglichen Inhalte dieser Webseite wurden mit gr\u00f6\u00dftm\u00f6glicher Sorgfalt erstellt. Der Anbieter dieser Webseite \u00fcbernimmt jedoch keine Gew\u00e4hr f\u00fcr die Richtigkeit und Aktualit\u00e4t der bereitgestellten kostenlosen und frei zug\u00e4nglichen journalistischen Ratgeber und Nachrichten. Namentlich gekennzeichnete Beitr\u00e4ge geben die Meinung des jeweiligen Autors und nicht immer die Meinung des Anbieters wieder. Allein durch den Aufruf der kostenlosen und frei zug\u00e4nglichen Inhalte kommt keinerlei Vertragsverh\u00e4ltnis zwischen dem Nutzer und dem Anbieter zustande, insoweit fehlt es am Rechtsbindungswillen des Anbieters.<\/p>\n<h4>2. Externe Links<\/h4>\n<p>Diese Website enth\u00e4lt Verkn\u00fcpfungen zu Websites Dritter (\u201eexterne Links\u201c). Diese Websites unterliegen der Haftung der jeweiligen Betreiber. Der Anbieter hat bei der erstmaligen Verkn\u00fcpfung der externen Links die fremden Inhalte daraufhin \u00fcberpr\u00fcft, ob etwaige Rechtsverst\u00f6\u00dfe bestehen. Zu dem Zeitpunkt waren keine Rechtsverst\u00f6\u00dfe ersichtlich. Der Anbieter hat keinerlei Einfluss auf die aktuelle und zuk\u00fcnftige Gestaltung und auf die Inhalte der verkn\u00fcpften Seiten. Das Setzen von externen Links bedeutet nicht, dass sich der Anbieter die hinter dem Verweis oder Link liegenden Inhalte zu Eigen macht. Eine st\u00e4ndige Kontrolle der externen Links ist f\u00fcr den Anbieter ohne konkrete Hinweise auf Rechtsverst\u00f6\u00dfe nicht zumutbar. Bei Kenntnis von Rechtsverst\u00f6\u00dfen werden jedoch derartige externe Links unverz\u00fcglich gel\u00f6scht.<\/p>\n<h4>3. Urheber- und Leistungsschutzrechte<\/h4>\n<p>Die auf dieser Website ver\u00f6ffentlichten Inhalte unterliegen dem deutschen Urheber- und Leistungsschutzrecht. Jede vom deutschen Urheber- und Leistungsschutzrecht nicht zugelassene Verwertung bedarf der vorherigen schriftlichen Zustimmung des Anbieters oder jeweiligen Rechteinhabers. Dies gilt insbesondere f\u00fcr Vervielf\u00e4ltigung, Bearbeitung, \u00dcbersetzung, Einspeicherung, Verarbeitung bzw. Wiedergabe von Inhalten in Datenbanken oder anderen elektronischen Medien und Systemen. Inhalte und Rechte Dritter sind dabei als solche gekennzeichnet. Die unerlaubte Vervielf\u00e4ltigung oder Weitergabe einzelner Inhalte oder kompletter Seiten ist nicht gestattet und strafbar. Lediglich die Herstellung von Kopien und Downloads f\u00fcr den pers\u00f6nlichen, privaten und nicht kommerziellen Gebrauch ist erlaubt.<\/p>\n<p>Die Darstellung dieser Website in fremden Frames ist nur mit schriftlicher Erlaubnis zul\u00e4ssig.<\/p>\n<h4>4. Datenschutz<\/h4>\n<p>Erfahren Sie alle Details in unserer <a href=\"https:\/\/www.ixpix.de\/de\/datenschutz\/\">Datenschutzerkl\u00e4rung<\/a>.<\/p>\n<h4>5. Besondere Nutzungsbedingungen<\/h4>\n<p>Soweit besondere Bedingungen f\u00fcr einzelne Nutzungen dieser Website von den vorgenannten Nummern 1. bis 4. abweichen, wird an entsprechender Stelle ausdr\u00fccklich darauf hingewiesen. In diesem Falle gelten im jeweiligen Einzelfall die besonderen Nutzungsbedingungen.<br \/>\nQuelle: Disclaimer Vorlage vom <a href=\"http:\/\/www.juraforum.de\/\" target=\"_blank\" rel=\"noopener noreferrer\">www.JuraForum.de<\/a> in Kooperation mit dem Presseverteiler <a href=\"http:\/\/connektar.de\" target=\"_blank\" rel=\"noopener noreferrer\">connektar.de<\/a>.[\/vc_column_text][vc_separator][vc_column_text css=&#8220;.vc_custom_1525439195658{margin-bottom: 0px !important;}&#8220;]Website powered by <a href=\"https:\/\/wordpress.org\/\" target=\"_blank\" rel=\"noopener noreferrer\">WordPress<\/a>[\/vc_column_text][\/vc_column][\/vc_row]\n<\/div>","protected":false},"excerpt":{"rendered":"<p>[vc_row][vc_column][vc_column_text css=&#8220;.vc_custom_1579262806042{margin-bottom: 0px !important;}&#8220;] Impressum von www.ixpix.de ixpix webworks Frank Leuner Inhaber: Frank Leuner Graf-von-Stauffenberg-Str. 18 D-85386 Eching Tel. 089\u00a0 31 90 27 32 info [at] ixpix.de www.ixpix.de Verantwortlich f\u00fcr den Inhalt: Frank Leuner[\/vc_column_text][vc_separator][vc_column_text css=&#8220;.vc_custom_1525439280074{margin-bottom: 0px !important;}&#8220;] Disclaimer \u2013 rechtliche Hinweise 1. Warnhinweis zu Inhalten Die kostenlosen und frei zug\u00e4nglichen Inhalte dieser Webseite wurden mit [&hellip;]<\/p>\n","protected":false},"author":1,"featured_media":0,"parent":0,"menu_order":0,"comment_status":"closed","ping_status":"closed","template":"","meta":{"footnotes":""},"class_list":["post-5787","page","type-page","status-publish","hentry"],"_links":{"self":[{"href":"https:\/\/www.ixpix.de\/de\/wp-json\/wp\/v2\/pages\/5787","targetHints":{"allow":["GET"]}}],"collection":[{"href":"https:\/\/www.ixpix.de\/de\/wp-json\/wp\/v2\/pages"}],"about":[{"href":"https:\/\/www.ixpix.de\/de\/wp-json\/wp\/v2\/types\/page"}],"author":[{"embeddable":true,"href":"https:\/\/www.ixpix.de\/de\/wp-json\/wp\/v2\/users\/1"}],"replies":[{"embeddable":true,"href":"https:\/\/www.ixpix.de\/de\/wp-json\/wp\/v2\/comments?post=5787"}],"version-history":[{"count":4,"href":"https:\/\/www.ixpix.de\/de\/wp-json\/wp\/v2\/pages\/5787\/revisions"}],"predecessor-version":[{"id":5840,"href":"https:\/\/www.ixpix.de\/de\/wp-json\/wp\/v2\/pages\/5787\/revisions\/5840"}],"wp:attachment":[{"href":"https:\/\/www.ixpix.de\/de\/wp-json\/wp\/v2\/media?parent=5787"}],"curies":[{"name":"wp","href":"https:\/\/api.w.org\/{rel}","templated":true}]}}